{"id":1068,"date":"2020-09-25T13:43:31","date_gmt":"2020-09-25T16:43:31","guid":{"rendered":"https:\/\/storagecollectionprime.com\/modelos\/empresa9\/?page_id=1068"},"modified":"2020-09-25T13:44:46","modified_gmt":"2020-09-25T16:44:46","slug":"quem-somos","status":"publish","type":"page","link":"https:\/\/storagecollectionprime.com\/modelos\/empresa9\/quem-somos\/","title":{"rendered":"Quem Somos"},"content":{"rendered":"<p>A\u00a0<strong>pizzaria Inspiratie<\/strong>\u00a0\u00e9 uma das casas\u00a0<strong>mais tradicionais do Jardim Arpoador<\/strong>, h\u00e1 mais de 10 anos sob o comando da mesma fam\u00edlia<\/p>\n<p>O detalhe mais charmoso da casa \u00e9 o balc\u00e3o original, onde os clientes podem degustar\u00a0<strong>pizzas individuais<\/strong>\u00a0de todos os sabores, com 25 cm de di\u00e2metro.<\/p>\n<p>No confort\u00e1vel sal\u00e3o s\u00e3o servidas as deliciosas\u00a0<strong>pizzas de massa fina<\/strong>\u00a0maiores que o padr\u00e3o do mercado, com 40 cm de di\u00e2metro.<\/p>\n<p>No card\u00e1pio h\u00e1\u00a0<strong>mais de 60 sabores<\/strong>\u00a0imperd\u00edveis, feitos com\u00a0<strong>produtos da mais alta qualidade<\/strong>.<\/p>\n<p>Experimente as op\u00e7\u00f5es mais pedidas: Moda do Chef, Margherita, Muzarela, Escarola e Bacalhau ou pe\u00e7a por uma combina\u00e7\u00e3o que vai mudar completamente sua experi\u00eancia gastron\u00f4mica, com o verdadeiro sabor da\u00a0<strong>pizza tradicional do Jardim Arpoador<\/strong>.<\/p>\n","protected":false},"excerpt":{"rendered":"<p>A\u00a0pizzaria Inspiratie\u00a0\u00e9 uma das casas\u00a0mais tradicionais do Jardim Arpoador, h\u00e1 mais de 10 anos sob o comando da mesma fam\u00edlia O detalhe mais charmoso da casa \u00e9 o balc\u00e3o original, onde os clientes podem degustar\u00a0pizzas individuais\u00a0de todos os sabores, com &hellip; <a href=\"https:\/\/storagecollectionprime.com\/modelos\/empresa9\/quem-somos\/\">Conte\u00fado<\/a><\/p>\n","protected":false},"author":1,"featured_media":0,"parent":0,"menu_order":0,"comment_status":"closed","ping_status":"closed","template":"","meta":{"kt_blocks_editor_width":""},"_links":{"self":[{"href":"https:\/\/storagecollectionprime.com\/modelos\/empresa9\/wp-json\/wp\/v2\/pages\/1068"}],"collection":[{"href":"https:\/\/storagecollectionprime.com\/modelos\/empresa9\/wp-json\/wp\/v2\/pages"}],"about":[{"href":"https:\/\/storagecollectionprime.com\/modelos\/empresa9\/wp-json\/wp\/v2\/types\/page"}],"author":[{"embeddable":true,"href":"https:\/\/storagecollectionprime.com\/modelos\/empresa9\/wp-json\/wp\/v2\/users\/1"}],"replies":[{"embeddable":true,"href":"https:\/\/storagecollectionprime.com\/modelos\/empresa9\/wp-json\/wp\/v2\/comments?post=1068"}],"version-history":[{"count":1,"href":"https:\/\/storagecollectionprime.com\/modelos\/empresa9\/wp-json\/wp\/v2\/pages\/1068\/revisions"}],"predecessor-version":[{"id":1069,"href":"https:\/\/storagecollectionprime.com\/modelos\/empresa9\/wp-json\/wp\/v2\/pages\/1068\/revisions\/1069"}],"wp:attachment":[{"href":"https:\/\/storagecollectionprime.com\/modelos\/empresa9\/wp-json\/wp\/v2\/media?parent=1068"}],"curies":[{"name":"wp","href":"https:\/\/api.w.org\/{rel}","templated":true}]}}